{"id":1357,"date":"2024-10-09T09:26:46","date_gmt":"2024-10-09T12:26:46","guid":{"rendered":"https:\/\/geocompany.com.br\/geocompany\/?page_id=1357"},"modified":"2024-10-11T14:19:50","modified_gmt":"2024-10-11T17:19:50","slug":"roberto","status":"publish","type":"page","link":"https:\/\/geocompany.com.br\/geocompany\/roberto\/","title":{"rendered":"Roberto"},"content":{"rendered":"\t\t<div data-elementor-type=\"wp-page\" data-elementor-id=\"1357\" class=\"elementor elementor-1357\" data-elementor-post-type=\"page\">\n\t\t\t\t\t\t<section class=\"elementor-section elementor-top-section elementor-element elementor-element-79be95a8 elementor-reverse-mobile elementor-section-boxed elementor-section-height-default elementor-section-height-default wpr-particle-no wpr-jarallax-no wpr-parallax-no wpr-sticky-section-no\" data-id=\"79be95a8\" data-element_type=\"section\" data-settings=\"{&quot;background_background&quot;:&quot;classic&quot;}\">\n\t\t\t\t\t\t\t<div class=\"elementor-background-overlay\"><\/div>\n\t\t\t\t\t\t\t<div class=\"elementor-container elementor-column-gap-default\">\n\t\t\t\t\t<div class=\"elementor-column elementor-col-50 elementor-top-column elementor-element elementor-element-6beaf5a\" data-id=\"6beaf5a\" data-element_type=\"column\">\n\t\t\t<div class=\"elementor-widget-wrap elementor-element-populated\">\n\t\t\t\t\t\t<div class=\"elementor-element elementor-element-5d8c92f9 elementor-hidden-mobile elementor-widget elementor-widget-heading\" data-id=\"5d8c92f9\" data-element_type=\"widget\" data-widget_type=\"heading.default\">\n\t\t\t\t<div class=\"elementor-widget-container\">\n\t\t\t<h1 class=\"elementor-heading-title elementor-size-default\">Roberto Kochen<\/h1>\t\t<\/div>\n\t\t\t\t<\/div>\n\t\t\t\t\t<\/div>\n\t\t<\/div>\n\t\t\t\t<div class=\"elementor-column elementor-col-50 elementor-top-column elementor-element elementor-element-f756327\" data-id=\"f756327\" data-element_type=\"column\">\n\t\t\t<div class=\"elementor-widget-wrap elementor-element-populated\">\n\t\t\t\t\t\t<div class=\"elementor-element elementor-element-1025e566 elementor-hidden-mobile elementor-widget elementor-widget-image\" data-id=\"1025e566\" data-element_type=\"widget\" data-widget_type=\"image.default\">\n\t\t\t\t<div class=\"elementor-widget-container\">\n\t\t\t\t\t\t\t\t\t\t\t\t\t<img fetchpriority=\"high\" decoding=\"async\" width=\"1080\" height=\"1080\" src=\"https:\/\/geocompany.com.br\/geocompany\/wp-content\/uploads\/2024\/10\/Roberto-Profiel2.png\" class=\"attachment-full size-full wp-image-1757\" alt=\"\" srcset=\"https:\/\/geocompany.com.br\/geocompany\/wp-content\/uploads\/2024\/10\/Roberto-Profiel2.png 1080w, https:\/\/geocompany.com.br\/geocompany\/wp-content\/uploads\/2024\/10\/Roberto-Profiel2-300x300.png 300w, https:\/\/geocompany.com.br\/geocompany\/wp-content\/uploads\/2024\/10\/Roberto-Profiel2-1024x1024.png 1024w, https:\/\/geocompany.com.br\/geocompany\/wp-content\/uploads\/2024\/10\/Roberto-Profiel2-150x150.png 150w, https:\/\/geocompany.com.br\/geocompany\/wp-content\/uploads\/2024\/10\/Roberto-Profiel2-768x768.png 768w\" sizes=\"(max-width: 1080px) 100vw, 1080px\" \/>\t\t\t\t\t\t\t\t\t\t\t\t\t<\/div>\n\t\t\t\t<\/div>\n\t\t\t\t\t<\/div>\n\t\t<\/div>\n\t\t\t\t\t<\/div>\n\t\t<\/section>\n\t\t<div class=\"elementor-element elementor-element-6ec5fb6 bdt-backdrop-filter-yes elementor-hidden-desktop elementor-hidden-tablet e-flex e-con-boxed wpr-particle-no wpr-jarallax-no wpr-parallax-no wpr-sticky-section-no e-con e-parent\" data-id=\"6ec5fb6\" data-element_type=\"container\" data-settings=\"{&quot;background_background&quot;:&quot;classic&quot;}\">\n\t\t\t\t\t<div class=\"e-con-inner\">\n\t\t\t\t<div class=\"elementor-element elementor-element-c2eff6b elementor-widget elementor-widget-image\" data-id=\"c2eff6b\" data-element_type=\"widget\" data-widget_type=\"image.default\">\n\t\t\t\t<div class=\"elementor-widget-container\">\n\t\t\t\t\t\t\t\t\t\t\t\t\t<img decoding=\"async\" width=\"500\" height=\"500\" src=\"https:\/\/geocompany.com.br\/geocompany\/wp-content\/uploads\/2024\/10\/Roberto.jpg\" class=\"attachment-large size-large wp-image-1149\" alt=\"\" srcset=\"https:\/\/geocompany.com.br\/geocompany\/wp-content\/uploads\/2024\/10\/Roberto.jpg 500w, https:\/\/geocompany.com.br\/geocompany\/wp-content\/uploads\/2024\/10\/Roberto-300x300.jpg 300w, https:\/\/geocompany.com.br\/geocompany\/wp-content\/uploads\/2024\/10\/Roberto-150x150.jpg 150w\" sizes=\"(max-width: 500px) 100vw, 500px\" \/>\t\t\t\t\t\t\t\t\t\t\t\t\t<\/div>\n\t\t\t\t<\/div>\n\t\t\t\t<div class=\"elementor-element elementor-element-e8f38be elementor-widget elementor-widget-heading\" data-id=\"e8f38be\" data-element_type=\"widget\" data-widget_type=\"heading.default\">\n\t\t\t\t<div class=\"elementor-widget-container\">\n\t\t\t<h2 class=\"elementor-heading-title elementor-size-default\">Roberto Kochen<\/h2>\t\t<\/div>\n\t\t\t\t<\/div>\n\t\t\t\t\t<\/div>\n\t\t\t\t<\/div>\n\t\t<div class=\"elementor-element elementor-element-6e09ebc e-flex e-con-boxed wpr-particle-no wpr-jarallax-no wpr-parallax-no wpr-sticky-section-no e-con e-parent\" data-id=\"6e09ebc\" data-element_type=\"container\">\n\t\t\t\t\t<div class=\"e-con-inner\">\n\t\t\t\t<div class=\"elementor-element elementor-element-cf79b76 elementor-widget elementor-widget-heading\" data-id=\"cf79b76\" data-element_type=\"widget\" data-widget_type=\"heading.default\">\n\t\t\t\t<div class=\"elementor-widget-container\">\n\t\t\t<h2 class=\"elementor-heading-title elementor-size-default\">Presidente\n<\/h2>\t\t<\/div>\n\t\t\t\t<\/div>\n\t\t\t\t\t<\/div>\n\t\t\t\t<\/div>\n\t\t<div class=\"elementor-element elementor-element-5a0aa77 e-flex e-con-boxed wpr-particle-no wpr-jarallax-no wpr-parallax-no wpr-sticky-section-no e-con e-parent\" data-id=\"5a0aa77\" data-element_type=\"container\">\n\t\t\t\t\t<div class=\"e-con-inner\">\n\t\t\t\t<div class=\"elementor-element elementor-element-a0336b8 elementor-widget elementor-widget-text-editor\" data-id=\"a0336b8\" data-element_type=\"widget\" data-widget_type=\"text-editor.default\">\n\t\t\t\t<div class=\"elementor-widget-container\">\n\t\t\t\t\t\t\t<p>Roberto Kochen \u00e9 engenheiro civil formado pela Escola Polit\u00e9cnica da Universidade de S\u00e3o Paulo (EPUSP), com mestrado e doutorado em Geotecnia pela mesma institui\u00e7\u00e3o. Ao longo de sua carreira, tornou-se refer\u00eancia em projetos de funda\u00e7\u00f5es, t\u00faneis, barragens e grandes obras de infraestrutura no Brasil e no exterior, com passagens em projetos emblem\u00e1ticos como o Metr\u00f4 de S\u00e3o Paulo, o Gasoduto Brasil-Bol\u00edvia e a expans\u00e3o da Cosipa. Com vasta experi\u00eancia acad\u00eamica, lecionou por mais de 36 anos na EPUSP, formando novas gera\u00e7\u00f5es de engenheiros e contribuindo para o desenvolvimento t\u00e9cnico e cient\u00edfico na \u00e1rea de geotecnia.<\/p><p>Em 1998, Kochen fundou a GeoCompany, uma empresa brasileira de atua\u00e7\u00e3o internacional especializada em projetos de geotecnia e infraestrutura. Sob sua lideran\u00e7a, a GeoCompany se destacou na execu\u00e7\u00e3o de grandes obras de infraestrutura, incluindo rodovias, sistemas de metr\u00f4 e projetos de saneamento. Entre suas contribui\u00e7\u00f5es mais relevantes est\u00e3o as funda\u00e7\u00f5es do Terminal Pinheiros, a constru\u00e7\u00e3o de t\u00faneis de metr\u00f4s em S\u00e3o Paulo, Bras\u00edlia e no exterior, al\u00e9m de sua participa\u00e7\u00e3o ativa em estudos de estabiliza\u00e7\u00e3o de encostas e barragens em diversos pa\u00edses da Am\u00e9rica Latina.<\/p><p>Ao longo de sua trajet\u00f3ria, Roberto Kochen recebeu diversos pr\u00eamios e homenagens pela sua contribui\u00e7\u00e3o \u00e0 engenharia civil e geot\u00e9cnica, sendo reconhecido como um dos principais especialistas da \u00e1rea no Brasil. Seu compromisso com a excel\u00eancia t\u00e9cnica e a forma\u00e7\u00e3o de novas gera\u00e7\u00f5es de profissionais faz dele uma figura central no cen\u00e1rio da engenharia nacional, sempre pautado pela inova\u00e7\u00e3o e pela busca de solu\u00e7\u00f5es sustent\u00e1veis e de alto impacto para o desenvolvimento do pa\u00eds.<\/p>\t\t\t\t\t\t<\/div>\n\t\t\t\t<\/div>\n\t\t\t\t\t<\/div>\n\t\t\t\t<\/div>\n\t\t\t\t<\/div>\n\t\t\n    <div class=\"xs_social_share_widget xs_share_url after_content \t\tmain_content  wslu-style-1 wslu-share-box-shaped wslu-fill-colored wslu-none wslu-share-horizontal wslu-theme-font-no wslu-main_content\">\n\n\t\t\n        <ul>\n\t\t\t        <\/ul>\n    <\/div> \n","protected":false},"excerpt":{"rendered":"<p>Roberto Kochen Roberto Kochen Presidente Roberto Kochen \u00e9 engenheiro civil formado pela Escola Polit\u00e9cnica da Universidade de S\u00e3o Paulo (EPUSP), com mestrado e doutorado em Geotecnia pela mesma institui\u00e7\u00e3o. Ao longo de sua carreira, tornou-se refer\u00eancia em projetos de funda\u00e7\u00f5es, t\u00faneis, barragens e grandes obras de infraestrutura no Brasil e no exterior, com passagens em projetos emblem\u00e1ticos como o Metr\u00f4 de S\u00e3o Paulo, o Gasoduto Brasil-Bol\u00edvia e a expans\u00e3o da Cosipa. Com vasta experi\u00eancia acad\u00eamica, lecionou por mais de 36 anos na EPUSP, formando novas gera\u00e7\u00f5es de engenheiros e contribuindo para o desenvolvimento t\u00e9cnico e cient\u00edfico na \u00e1rea de geotecnia. Em 1998, Kochen fundou a GeoCompany, uma empresa brasileira de atua\u00e7\u00e3o internacional especializada em projetos de geotecnia e infraestrutura. Sob sua lideran\u00e7a, a GeoCompany se destacou na execu\u00e7\u00e3o de grandes obras de infraestrutura, incluindo rodovias, sistemas de metr\u00f4 e projetos de saneamento. Entre suas contribui\u00e7\u00f5es mais relevantes est\u00e3o as funda\u00e7\u00f5es do Terminal Pinheiros, a constru\u00e7\u00e3o de t\u00faneis de metr\u00f4s em S\u00e3o Paulo, Bras\u00edlia e no exterior, al\u00e9m de sua participa\u00e7\u00e3o ativa em estudos de estabiliza\u00e7\u00e3o de encostas e barragens em diversos pa\u00edses da Am\u00e9rica Latina. Ao longo de sua trajet\u00f3ria, Roberto Kochen recebeu diversos pr\u00eamios e homenagens pela sua contribui\u00e7\u00e3o \u00e0 engenharia civil e geot\u00e9cnica, sendo reconhecido como um dos principais especialistas da \u00e1rea no Brasil. Seu compromisso com a excel\u00eancia t\u00e9cnica e a forma\u00e7\u00e3o de novas gera\u00e7\u00f5es de profissionais faz dele uma figura central no cen\u00e1rio da engenharia nacional, sempre pautado pela inova\u00e7\u00e3o e pela busca de solu\u00e7\u00f5es sustent\u00e1veis e de alto impacto para o desenvolvimento do pa\u00eds.<\/p>\n","protected":false},"author":1,"featured_media":0,"parent":0,"menu_order":0,"comment_status":"closed","ping_status":"closed","template":"","meta":{"footnotes":""},"class_list":["post-1357","page","type-page","status-publish","hentry"],"rttpg_featured_image_url":null,"rttpg_author":{"display_name":"geocompanycom","author_link":"https:\/\/geocompany.com.br\/geocompany\/author\/geocompanycom\/"},"rttpg_comment":0,"rttpg_category":null,"rttpg_excerpt":"Roberto Kochen Roberto Kochen Presidente Roberto Kochen \u00e9 engenheiro civil formado pela Escola Polit\u00e9cnica da Universidade de S\u00e3o Paulo (EPUSP), com mestrado e doutorado em Geotecnia pela mesma institui\u00e7\u00e3o. Ao longo de sua carreira, tornou-se refer\u00eancia em projetos de funda\u00e7\u00f5es, t\u00faneis, barragens e grandes obras de infraestrutura no Brasil e no exterior, com passagens em&hellip;","_links":{"self":[{"href":"https:\/\/geocompany.com.br\/geocompany\/wp-json\/wp\/v2\/pages\/1357","targetHints":{"allow":["GET"]}}],"collection":[{"href":"https:\/\/geocompany.com.br\/geocompany\/wp-json\/wp\/v2\/pages"}],"about":[{"href":"https:\/\/geocompany.com.br\/geocompany\/wp-json\/wp\/v2\/types\/page"}],"author":[{"embeddable":true,"href":"https:\/\/geocompany.com.br\/geocompany\/wp-json\/wp\/v2\/users\/1"}],"replies":[{"embeddable":true,"href":"https:\/\/geocompany.com.br\/geocompany\/wp-json\/wp\/v2\/comments?post=1357"}],"version-history":[{"count":34,"href":"https:\/\/geocompany.com.br\/geocompany\/wp-json\/wp\/v2\/pages\/1357\/revisions"}],"predecessor-version":[{"id":1763,"href":"https:\/\/geocompany.com.br\/geocompany\/wp-json\/wp\/v2\/pages\/1357\/revisions\/1763"}],"wp:attachment":[{"href":"https:\/\/geocompany.com.br\/geocompany\/wp-json\/wp\/v2\/media?parent=1357"}],"curies":[{"name":"wp","href":"https:\/\/api.w.org\/{rel}","templated":true}]}}