{"id":1438,"date":"2024-10-09T09:38:04","date_gmt":"2024-10-09T12:38:04","guid":{"rendered":"https:\/\/geocompany.com.br\/geocompany\/?page_id=1438"},"modified":"2024-10-11T14:26:46","modified_gmt":"2024-10-11T17:26:46","slug":"thomaz","status":"publish","type":"page","link":"https:\/\/geocompany.com.br\/geocompany\/thomaz\/","title":{"rendered":"Thomaz"},"content":{"rendered":"\t\t<div data-elementor-type=\"wp-page\" data-elementor-id=\"1438\" class=\"elementor elementor-1438\" data-elementor-post-type=\"page\">\n\t\t\t\t\t\t<section class=\"elementor-section elementor-top-section elementor-element elementor-element-79be95a8 elementor-reverse-mobile elementor-section-boxed elementor-section-height-default elementor-section-height-default wpr-particle-no wpr-jarallax-no wpr-parallax-no wpr-sticky-section-no\" data-id=\"79be95a8\" data-element_type=\"section\" data-settings=\"{&quot;background_background&quot;:&quot;classic&quot;}\">\n\t\t\t\t\t\t\t<div class=\"elementor-background-overlay\"><\/div>\n\t\t\t\t\t\t\t<div class=\"elementor-container elementor-column-gap-default\">\n\t\t\t\t\t<div class=\"elementor-column elementor-col-50 elementor-top-column elementor-element elementor-element-6beaf5a\" data-id=\"6beaf5a\" data-element_type=\"column\">\n\t\t\t<div class=\"elementor-widget-wrap elementor-element-populated\">\n\t\t\t\t\t\t<div class=\"elementor-element elementor-element-5d8c92f9 elementor-hidden-mobile elementor-widget elementor-widget-heading\" data-id=\"5d8c92f9\" data-element_type=\"widget\" data-widget_type=\"heading.default\">\n\t\t\t\t<div class=\"elementor-widget-container\">\n\t\t\t<h1 class=\"elementor-heading-title elementor-size-default\">Thomaz Henrique Leite de Jesus<\/h1>\t\t<\/div>\n\t\t\t\t<\/div>\n\t\t\t\t\t<\/div>\n\t\t<\/div>\n\t\t\t\t<div class=\"elementor-column elementor-col-50 elementor-top-column elementor-element elementor-element-f756327\" data-id=\"f756327\" data-element_type=\"column\">\n\t\t\t<div class=\"elementor-widget-wrap elementor-element-populated\">\n\t\t\t\t\t\t<div class=\"elementor-element elementor-element-1025e566 elementor-hidden-mobile elementor-widget elementor-widget-image\" data-id=\"1025e566\" data-element_type=\"widget\" data-widget_type=\"image.default\">\n\t\t\t\t<div class=\"elementor-widget-container\">\n\t\t\t\t\t\t\t\t\t\t\t\t\t<img fetchpriority=\"high\" decoding=\"async\" width=\"1080\" height=\"1080\" src=\"https:\/\/geocompany.com.br\/geocompany\/wp-content\/uploads\/2024\/10\/thomaz-profile.png\" class=\"attachment-full size-full wp-image-1764\" alt=\"\" srcset=\"https:\/\/geocompany.com.br\/geocompany\/wp-content\/uploads\/2024\/10\/thomaz-profile.png 1080w, https:\/\/geocompany.com.br\/geocompany\/wp-content\/uploads\/2024\/10\/thomaz-profile-300x300.png 300w, https:\/\/geocompany.com.br\/geocompany\/wp-content\/uploads\/2024\/10\/thomaz-profile-1024x1024.png 1024w, https:\/\/geocompany.com.br\/geocompany\/wp-content\/uploads\/2024\/10\/thomaz-profile-150x150.png 150w, https:\/\/geocompany.com.br\/geocompany\/wp-content\/uploads\/2024\/10\/thomaz-profile-768x768.png 768w\" sizes=\"(max-width: 1080px) 100vw, 1080px\" \/>\t\t\t\t\t\t\t\t\t\t\t\t\t<\/div>\n\t\t\t\t<\/div>\n\t\t\t\t\t<\/div>\n\t\t<\/div>\n\t\t\t\t\t<\/div>\n\t\t<\/section>\n\t\t<div class=\"elementor-element elementor-element-d00443a elementor-hidden-desktop elementor-hidden-tablet e-flex e-con-boxed wpr-particle-no wpr-jarallax-no wpr-parallax-no wpr-sticky-section-no e-con e-parent\" data-id=\"d00443a\" data-element_type=\"container\" data-settings=\"{&quot;background_background&quot;:&quot;classic&quot;}\">\n\t\t\t\t\t<div class=\"e-con-inner\">\n\t\t\t\t<div class=\"elementor-element elementor-element-4cc3d20 elementor-widget elementor-widget-image\" data-id=\"4cc3d20\" data-element_type=\"widget\" data-widget_type=\"image.default\">\n\t\t\t\t<div class=\"elementor-widget-container\">\n\t\t\t\t\t\t\t\t\t\t\t\t\t<img decoding=\"async\" width=\"649\" height=\"1024\" src=\"https:\/\/geocompany.com.br\/geocompany\/wp-content\/uploads\/2024\/10\/Thomaz-649x1024.jpg\" class=\"attachment-large size-large wp-image-1142\" alt=\"\" srcset=\"https:\/\/geocompany.com.br\/geocompany\/wp-content\/uploads\/2024\/10\/Thomaz-649x1024.jpg 649w, https:\/\/geocompany.com.br\/geocompany\/wp-content\/uploads\/2024\/10\/Thomaz-190x300.jpg 190w, https:\/\/geocompany.com.br\/geocompany\/wp-content\/uploads\/2024\/10\/Thomaz-768x1212.jpg 768w, https:\/\/geocompany.com.br\/geocompany\/wp-content\/uploads\/2024\/10\/Thomaz-974x1536.jpg 974w, https:\/\/geocompany.com.br\/geocompany\/wp-content\/uploads\/2024\/10\/Thomaz-1298x2048.jpg 1298w, https:\/\/geocompany.com.br\/geocompany\/wp-content\/uploads\/2024\/10\/Thomaz-scaled.jpg 1623w\" sizes=\"(max-width: 649px) 100vw, 649px\" \/>\t\t\t\t\t\t\t\t\t\t\t\t\t<\/div>\n\t\t\t\t<\/div>\n\t\t\t\t<div class=\"elementor-element elementor-element-99806f1 elementor-widget elementor-widget-heading\" data-id=\"99806f1\" data-element_type=\"widget\" data-widget_type=\"heading.default\">\n\t\t\t\t<div class=\"elementor-widget-container\">\n\t\t\t<h2 class=\"elementor-heading-title elementor-size-default\">Thomaz Henrique Leite de Jesus<\/h2>\t\t<\/div>\n\t\t\t\t<\/div>\n\t\t\t\t\t<\/div>\n\t\t\t\t<\/div>\n\t\t<div class=\"elementor-element elementor-element-6e09ebc e-flex e-con-boxed wpr-particle-no wpr-jarallax-no wpr-parallax-no wpr-sticky-section-no e-con e-parent\" data-id=\"6e09ebc\" data-element_type=\"container\">\n\t\t\t\t\t<div class=\"e-con-inner\">\n\t\t\t\t<div class=\"elementor-element elementor-element-cf79b76 elementor-widget elementor-widget-heading\" data-id=\"cf79b76\" data-element_type=\"widget\" data-widget_type=\"heading.default\">\n\t\t\t\t<div class=\"elementor-widget-container\">\n\t\t\t<h2 class=\"elementor-heading-title elementor-size-default\">Diretor de Servi\u00e7os de Campo\n<\/h2>\t\t<\/div>\n\t\t\t\t<\/div>\n\t\t\t\t\t<\/div>\n\t\t\t\t<\/div>\n\t\t<div class=\"elementor-element elementor-element-5a0aa77 e-flex e-con-boxed wpr-particle-no wpr-jarallax-no wpr-parallax-no wpr-sticky-section-no e-con e-parent\" data-id=\"5a0aa77\" data-element_type=\"container\">\n\t\t\t\t\t<div class=\"e-con-inner\">\n\t\t\t\t<div class=\"elementor-element elementor-element-a0336b8 elementor-widget elementor-widget-text-editor\" data-id=\"a0336b8\" data-element_type=\"widget\" data-widget_type=\"text-editor.default\">\n\t\t\t\t<div class=\"elementor-widget-container\">\n\t\t\t\t\t\t\t<p>Thomaz Henrique Leite de Jesus \u00e9 Diretor de Servi\u00e7os de Campo na GeoCompany, onde atua h\u00e1 21 anos. Ao longo de sua carreira, Thomaz se destacou em diversos projetos importantes, incluindo a constru\u00e7\u00e3o do T\u00fanel Gastau em Caraguatatuba\/SP, que foi o primeiro a utilizar um Tatuz\u00e3o (Shield\/Tuneladora) capaz de escavar em rocha no Brasil. Tamb\u00e9m participou da readequa\u00e7\u00e3o vi\u00e1ria do Complexo Vi\u00e1rio Mogi das Cruzes, um projeto complexo que envolveu a constru\u00e7\u00e3o de t\u00faneis sob uma via f\u00e9rrea em opera\u00e7\u00e3o cont\u00ednua. Al\u00e9m disso, integrou o Comit\u00ea Independente que analisou o rompimento da barragem de Brumadinho em 2019.<\/p><p>Thomaz iniciou sua carreira em engenharia em 2001, enquanto cursava T\u00e9cnico de Edifica\u00e7\u00f5es na Funda\u00e7\u00e3o Instituto Tecnol\u00f3gico de Osasco. Formou-se em Tecnologia em Gest\u00e3o Ambiental pela UniFMU em 2005 e, posteriormente, em Engenharia Civil pela Universidade Anhanguera em 2015. Tamb\u00e9m concluiu uma Especializa\u00e7\u00e3o em Seguran\u00e7a de Barragens pelo Instituto IDD, tornando-se um dos primeiros especialistas na \u00e1rea no Brasil.<\/p><p>Na GeoCompany, Thomaz gerencia projetos de infraestrutura e meio ambiente e recentemente tem liderado a Engenharia de Registro do Sistema Pontal da VALE em Itabira\/MG, auditando a seguran\u00e7a das estruturas de armazenamento de rejeitos.<\/p><p>Ele se destaca por buscar continuamente inova\u00e7\u00f5es e capacita\u00e7\u00e3o t\u00e9cnica, participando de eventos especializados e mantendo contato com outros profissionais do setor. Thomaz valoriza a diversidade e o dinamismo dos projetos que lidera, sempre com o objetivo de manter altos padr\u00f5es t\u00e9cnicos e enfrentar desafios de forma eficaz.<\/p>\t\t\t\t\t\t<\/div>\n\t\t\t\t<\/div>\n\t\t\t\t\t<\/div>\n\t\t\t\t<\/div>\n\t\t\t\t<\/div>\n\t\t\n    <div class=\"xs_social_share_widget xs_share_url after_content \t\tmain_content  wslu-style-1 wslu-share-box-shaped wslu-fill-colored wslu-none wslu-share-horizontal wslu-theme-font-no wslu-main_content\">\n\n\t\t\n        <ul>\n\t\t\t        <\/ul>\n    <\/div> \n","protected":false},"excerpt":{"rendered":"<p>Thomaz Henrique Leite de Jesus Thomaz Henrique Leite de Jesus Diretor de Servi\u00e7os de Campo Thomaz Henrique Leite de Jesus \u00e9 Diretor de Servi\u00e7os de Campo na GeoCompany, onde atua h\u00e1 21 anos. Ao longo de sua carreira, Thomaz se destacou em diversos projetos importantes, incluindo a constru\u00e7\u00e3o do T\u00fanel Gastau em Caraguatatuba\/SP, que foi o primeiro a utilizar um Tatuz\u00e3o (Shield\/Tuneladora) capaz de escavar em rocha no Brasil. Tamb\u00e9m participou da readequa\u00e7\u00e3o vi\u00e1ria do Complexo Vi\u00e1rio Mogi das Cruzes, um projeto complexo que envolveu a constru\u00e7\u00e3o de t\u00faneis sob uma via f\u00e9rrea em opera\u00e7\u00e3o cont\u00ednua. Al\u00e9m disso, integrou o Comit\u00ea Independente que analisou o rompimento da barragem de Brumadinho em 2019. Thomaz iniciou sua carreira em engenharia em 2001, enquanto cursava T\u00e9cnico de Edifica\u00e7\u00f5es na Funda\u00e7\u00e3o Instituto Tecnol\u00f3gico de Osasco. Formou-se em Tecnologia em Gest\u00e3o Ambiental pela UniFMU em 2005 e, posteriormente, em Engenharia Civil pela Universidade Anhanguera em 2015. Tamb\u00e9m concluiu uma Especializa\u00e7\u00e3o em Seguran\u00e7a de Barragens pelo Instituto IDD, tornando-se um dos primeiros especialistas na \u00e1rea no Brasil. Na GeoCompany, Thomaz gerencia projetos de infraestrutura e meio ambiente e recentemente tem liderado a Engenharia de Registro do Sistema Pontal da VALE em Itabira\/MG, auditando a seguran\u00e7a das estruturas de armazenamento de rejeitos. Ele se destaca por buscar continuamente inova\u00e7\u00f5es e capacita\u00e7\u00e3o t\u00e9cnica, participando de eventos especializados e mantendo contato com outros profissionais do setor. Thomaz valoriza a diversidade e o dinamismo dos projetos que lidera, sempre com o objetivo de manter altos padr\u00f5es t\u00e9cnicos e enfrentar desafios de forma eficaz.<\/p>\n","protected":false},"author":1,"featured_media":0,"parent":0,"menu_order":0,"comment_status":"closed","ping_status":"closed","template":"","meta":{"footnotes":""},"class_list":["post-1438","page","type-page","status-publish","hentry"],"rttpg_featured_image_url":null,"rttpg_author":{"display_name":"geocompanycom","author_link":"https:\/\/geocompany.com.br\/geocompany\/author\/geocompanycom\/"},"rttpg_comment":0,"rttpg_category":null,"rttpg_excerpt":"Thomaz Henrique Leite de Jesus Thomaz Henrique Leite de Jesus Diretor de Servi\u00e7os de Campo Thomaz Henrique Leite de Jesus \u00e9 Diretor de Servi\u00e7os de Campo na GeoCompany, onde atua h\u00e1 21 anos. Ao longo de sua carreira, Thomaz se destacou em diversos projetos importantes, incluindo a constru\u00e7\u00e3o do T\u00fanel Gastau em Caraguatatuba\/SP, que foi&hellip;","_links":{"self":[{"href":"https:\/\/geocompany.com.br\/geocompany\/wp-json\/wp\/v2\/pages\/1438","targetHints":{"allow":["GET"]}}],"collection":[{"href":"https:\/\/geocompany.com.br\/geocompany\/wp-json\/wp\/v2\/pages"}],"about":[{"href":"https:\/\/geocompany.com.br\/geocompany\/wp-json\/wp\/v2\/types\/page"}],"author":[{"embeddable":true,"href":"https:\/\/geocompany.com.br\/geocompany\/wp-json\/wp\/v2\/users\/1"}],"replies":[{"embeddable":true,"href":"https:\/\/geocompany.com.br\/geocompany\/wp-json\/wp\/v2\/comments?post=1438"}],"version-history":[{"count":25,"href":"https:\/\/geocompany.com.br\/geocompany\/wp-json\/wp\/v2\/pages\/1438\/revisions"}],"predecessor-version":[{"id":1776,"href":"https:\/\/geocompany.com.br\/geocompany\/wp-json\/wp\/v2\/pages\/1438\/revisions\/1776"}],"wp:attachment":[{"href":"https:\/\/geocompany.com.br\/geocompany\/wp-json\/wp\/v2\/media?parent=1438"}],"curies":[{"name":"wp","href":"https:\/\/api.w.org\/{rel}","templated":true}]}}