{"id":1446,"date":"2024-10-09T09:43:06","date_gmt":"2024-10-09T12:43:06","guid":{"rendered":"https:\/\/geocompany.com.br\/geocompany\/?page_id=1446"},"modified":"2024-10-11T14:12:07","modified_gmt":"2024-10-11T17:12:07","slug":"izabel","status":"publish","type":"page","link":"https:\/\/geocompany.com.br\/geocompany\/izabel\/","title":{"rendered":"Izabel"},"content":{"rendered":"\t\t<div data-elementor-type=\"wp-page\" data-elementor-id=\"1446\" class=\"elementor elementor-1446\" data-elementor-post-type=\"page\">\n\t\t\t\t\t\t<section class=\"elementor-section elementor-top-section elementor-element elementor-element-79be95a8 elementor-reverse-mobile elementor-section-boxed elementor-section-height-default elementor-section-height-default wpr-particle-no wpr-jarallax-no wpr-parallax-no wpr-sticky-section-no\" data-id=\"79be95a8\" data-element_type=\"section\" data-settings=\"{&quot;background_background&quot;:&quot;classic&quot;}\">\n\t\t\t\t\t\t\t<div class=\"elementor-background-overlay\"><\/div>\n\t\t\t\t\t\t\t<div class=\"elementor-container elementor-column-gap-default\">\n\t\t\t\t\t<div class=\"elementor-column elementor-col-50 elementor-top-column elementor-element elementor-element-6beaf5a\" data-id=\"6beaf5a\" data-element_type=\"column\">\n\t\t\t<div class=\"elementor-widget-wrap elementor-element-populated\">\n\t\t\t\t\t\t<div class=\"elementor-element elementor-element-5d8c92f9 elementor-hidden-mobile elementor-widget elementor-widget-heading\" data-id=\"5d8c92f9\" data-element_type=\"widget\" data-widget_type=\"heading.default\">\n\t\t\t\t<div class=\"elementor-widget-container\">\n\t\t\t<h1 class=\"elementor-heading-title elementor-size-default\">Izabel Bastos<\/h1>\t\t<\/div>\n\t\t\t\t<\/div>\n\t\t\t\t\t<\/div>\n\t\t<\/div>\n\t\t\t\t<div class=\"elementor-column elementor-col-50 elementor-top-column elementor-element elementor-element-f756327\" data-id=\"f756327\" data-element_type=\"column\">\n\t\t\t<div class=\"elementor-widget-wrap elementor-element-populated\">\n\t\t\t\t\t\t<div class=\"elementor-element elementor-element-1025e566 elementor-hidden-mobile elementor-widget elementor-widget-image\" data-id=\"1025e566\" data-element_type=\"widget\" data-widget_type=\"image.default\">\n\t\t\t\t<div class=\"elementor-widget-container\">\n\t\t\t\t\t\t\t\t\t\t\t\t\t<img fetchpriority=\"high\" decoding=\"async\" width=\"1080\" height=\"1080\" src=\"https:\/\/geocompany.com.br\/geocompany\/wp-content\/uploads\/2024\/10\/isabel-profile-4.png\" class=\"attachment-full size-full wp-image-1749\" alt=\"\" srcset=\"https:\/\/geocompany.com.br\/geocompany\/wp-content\/uploads\/2024\/10\/isabel-profile-4.png 1080w, https:\/\/geocompany.com.br\/geocompany\/wp-content\/uploads\/2024\/10\/isabel-profile-4-300x300.png 300w, https:\/\/geocompany.com.br\/geocompany\/wp-content\/uploads\/2024\/10\/isabel-profile-4-1024x1024.png 1024w, https:\/\/geocompany.com.br\/geocompany\/wp-content\/uploads\/2024\/10\/isabel-profile-4-150x150.png 150w, https:\/\/geocompany.com.br\/geocompany\/wp-content\/uploads\/2024\/10\/isabel-profile-4-768x768.png 768w\" sizes=\"(max-width: 1080px) 100vw, 1080px\" \/>\t\t\t\t\t\t\t\t\t\t\t\t\t<\/div>\n\t\t\t\t<\/div>\n\t\t\t\t\t<\/div>\n\t\t<\/div>\n\t\t\t\t\t<\/div>\n\t\t<\/section>\n\t\t<div class=\"elementor-element elementor-element-29a7134 elementor-hidden-desktop e-flex e-con-boxed wpr-particle-no wpr-jarallax-no wpr-parallax-no wpr-sticky-section-no e-con e-parent\" data-id=\"29a7134\" data-element_type=\"container\" data-settings=\"{&quot;background_background&quot;:&quot;classic&quot;}\">\n\t\t\t\t\t<div class=\"e-con-inner\">\n\t\t\t\t<div class=\"elementor-element elementor-element-135a584 elementor-hidden-desktop elementor-hidden-tablet elementor-widget elementor-widget-image\" data-id=\"135a584\" data-element_type=\"widget\" data-widget_type=\"image.default\">\n\t\t\t\t<div class=\"elementor-widget-container\">\n\t\t\t\t\t\t\t\t\t\t\t\t\t<img decoding=\"async\" width=\"500\" height=\"500\" src=\"https:\/\/geocompany.com.br\/geocompany\/wp-content\/uploads\/2024\/10\/roberta.jpg\" class=\"attachment-large size-large wp-image-1148\" alt=\"\" srcset=\"https:\/\/geocompany.com.br\/geocompany\/wp-content\/uploads\/2024\/10\/roberta.jpg 500w, https:\/\/geocompany.com.br\/geocompany\/wp-content\/uploads\/2024\/10\/roberta-300x300.jpg 300w, https:\/\/geocompany.com.br\/geocompany\/wp-content\/uploads\/2024\/10\/roberta-150x150.jpg 150w\" sizes=\"(max-width: 500px) 100vw, 500px\" \/>\t\t\t\t\t\t\t\t\t\t\t\t\t<\/div>\n\t\t\t\t<\/div>\n\t\t\t\t<div class=\"elementor-element elementor-element-e40ec9f elementor-widget elementor-widget-heading\" data-id=\"e40ec9f\" data-element_type=\"widget\" data-widget_type=\"heading.default\">\n\t\t\t\t<div class=\"elementor-widget-container\">\n\t\t\t<h2 class=\"elementor-heading-title elementor-size-default\">Izabel Bastos<\/h2>\t\t<\/div>\n\t\t\t\t<\/div>\n\t\t\t\t\t<\/div>\n\t\t\t\t<\/div>\n\t\t<div class=\"elementor-element elementor-element-6e09ebc e-flex e-con-boxed wpr-particle-no wpr-jarallax-no wpr-parallax-no wpr-sticky-section-no e-con e-parent\" data-id=\"6e09ebc\" data-element_type=\"container\">\n\t\t\t\t\t<div class=\"e-con-inner\">\n\t\t\t\t<div class=\"elementor-element elementor-element-cf79b76 elementor-widget elementor-widget-heading\" data-id=\"cf79b76\" data-element_type=\"widget\" data-widget_type=\"heading.default\">\n\t\t\t\t<div class=\"elementor-widget-container\">\n\t\t\t<h2 class=\"elementor-heading-title elementor-size-default\">Diretora de Projetos de Infraestrutura\n<\/h2>\t\t<\/div>\n\t\t\t\t<\/div>\n\t\t\t\t\t<\/div>\n\t\t\t\t<\/div>\n\t\t<div class=\"elementor-element elementor-element-5a0aa77 e-flex e-con-boxed wpr-particle-no wpr-jarallax-no wpr-parallax-no wpr-sticky-section-no e-con e-parent\" data-id=\"5a0aa77\" data-element_type=\"container\">\n\t\t\t\t\t<div class=\"e-con-inner\">\n\t\t\t\t<div class=\"elementor-element elementor-element-a0336b8 elementor-widget elementor-widget-text-editor\" data-id=\"a0336b8\" data-element_type=\"widget\" data-widget_type=\"text-editor.default\">\n\t\t\t\t<div class=\"elementor-widget-container\">\n\t\t\t\t\t\t\t<p>Izabel Bastos \u00e9 Diretora de Projetos de Infraestrutura na GeoCompany, onde tem contribu\u00eddo com sua expertise por 22 anos. Com mais de 30 anos de experi\u00eancia, durante sua carreira, Izabel liderou uma ampla gama de importantes projetos, incluindo a Interliga\u00e7\u00e3o das Bacias do Para\u00edba do Sul e Cantareira para a Sabesp, Complexo Vi\u00e1rio Jornalista Tirreno da San Biagio (t\u00fanel raso sob a linha f\u00e9rrea da CPTM) em Mogi das Cruzes\/SP para a PMC, e o sistema de esgotamento sanit\u00e1rio em Viana, Cariacica e Vila Velha\/ES para a Cesan.<\/p><p>Um marco importante em sua carreira foi o projeto do t\u00fanel para o Gasoduto Gastau em Caraguatatuba\/SP, o primeiro projeto executivo de t\u00fanel escavado por tuneladora Double Shield em rocha com o qual ela trabalhou.<\/p><p>Izabel \u00e9 graduada em Engenharia Civil pela Universidade Nove de Julho (2002) e possui tamb\u00e9m uma gradua\u00e7\u00e3o em Tecnologia em Constru\u00e7\u00e3o Civil pela Faculdade de Tecnologia de S\u00e3o Paulo (1994). Possui mestrado em Engenharia Geot\u00e9cnica pela Escola Polit\u00e9cnica da USP, conclu\u00eddo em 2006.<\/p><p>Na GeoCompany, Izabel gerencia projetos nas \u00e1reas de infraestrutura, transporte, saneamento, energia e meio ambiente. Recentemente, trabalhou no projeto funcional e anteprojeto de engenharia da Linha 20-Rosa para o Metr\u00f4 de S\u00e3o Paulo, onde foi respons\u00e1vel pela metodologia construtiva das estruturas enterradas e participou da defini\u00e7\u00e3o do tra\u00e7ado da linha.<\/p><p>Izabel se dedica a acompanhar as inova\u00e7\u00f5es no campo da engenharia, participando de congressos e utilizando softwares t\u00e9cnicos modernos. Ela enfrenta desafios em sua \u00e1rea com foco e calma, priorizando o relacionamento com clientes e colaboradores. Para ela, o que mais a motiva \u00e9 ver suas obras conclu\u00eddas e contribuir para o desenvolvimento das cidades.<\/p><p>Para se manter atualizada sobre as tend\u00eancias da engenharia, Izabel realiza pesquisas constantes, l\u00ea publica\u00e7\u00f5es especializadas e participa de eventos t\u00e9cnicos.<\/p>\t\t\t\t\t\t<\/div>\n\t\t\t\t<\/div>\n\t\t\t\t\t<\/div>\n\t\t\t\t<\/div>\n\t\t\t\t<\/div>\n\t\t\n    <div class=\"xs_social_share_widget xs_share_url after_content \t\tmain_content  wslu-style-1 wslu-share-box-shaped wslu-fill-colored wslu-none wslu-share-horizontal wslu-theme-font-no wslu-main_content\">\n\n\t\t\n        <ul>\n\t\t\t        <\/ul>\n    <\/div> \n","protected":false},"excerpt":{"rendered":"<p>Izabel Bastos Izabel Bastos Diretora de Projetos de Infraestrutura Izabel Bastos \u00e9 Diretora de Projetos de Infraestrutura na GeoCompany, onde tem contribu\u00eddo com sua expertise por 22 anos. Com mais de 30 anos de experi\u00eancia, durante sua carreira, Izabel liderou uma ampla gama de importantes projetos, incluindo a Interliga\u00e7\u00e3o das Bacias do Para\u00edba do Sul e Cantareira para a Sabesp, Complexo Vi\u00e1rio Jornalista Tirreno da San Biagio (t\u00fanel raso sob a linha f\u00e9rrea da CPTM) em Mogi das Cruzes\/SP para a PMC, e o sistema de esgotamento sanit\u00e1rio em Viana, Cariacica e Vila Velha\/ES para a Cesan. Um marco importante em sua carreira foi o projeto do t\u00fanel para o Gasoduto Gastau em Caraguatatuba\/SP, o primeiro projeto executivo de t\u00fanel escavado por tuneladora Double Shield em rocha com o qual ela trabalhou. Izabel \u00e9 graduada em Engenharia Civil pela Universidade Nove de Julho (2002) e possui tamb\u00e9m uma gradua\u00e7\u00e3o em Tecnologia em Constru\u00e7\u00e3o Civil pela Faculdade de Tecnologia de S\u00e3o Paulo (1994). Possui mestrado em Engenharia Geot\u00e9cnica pela Escola Polit\u00e9cnica da USP, conclu\u00eddo em 2006. Na GeoCompany, Izabel gerencia projetos nas \u00e1reas de infraestrutura, transporte, saneamento, energia e meio ambiente. Recentemente, trabalhou no projeto funcional e anteprojeto de engenharia da Linha 20-Rosa para o Metr\u00f4 de S\u00e3o Paulo, onde foi respons\u00e1vel pela metodologia construtiva das estruturas enterradas e participou da defini\u00e7\u00e3o do tra\u00e7ado da linha. Izabel se dedica a acompanhar as inova\u00e7\u00f5es no campo da engenharia, participando de congressos e utilizando softwares t\u00e9cnicos modernos. Ela enfrenta desafios em sua \u00e1rea com foco e calma, priorizando o relacionamento com clientes e colaboradores. Para ela, o que mais a motiva \u00e9 ver suas obras conclu\u00eddas e contribuir para o desenvolvimento das cidades. Para se manter atualizada sobre as tend\u00eancias da engenharia, Izabel realiza pesquisas constantes, l\u00ea publica\u00e7\u00f5es especializadas e participa de eventos t\u00e9cnicos.<\/p>\n","protected":false},"author":1,"featured_media":0,"parent":0,"menu_order":0,"comment_status":"closed","ping_status":"closed","template":"","meta":{"footnotes":""},"class_list":["post-1446","page","type-page","status-publish","hentry"],"rttpg_featured_image_url":null,"rttpg_author":{"display_name":"geocompanycom","author_link":"https:\/\/geocompany.com.br\/geocompany\/author\/geocompanycom\/"},"rttpg_comment":0,"rttpg_category":null,"rttpg_excerpt":"Izabel Bastos Izabel Bastos Diretora de Projetos de Infraestrutura Izabel Bastos \u00e9 Diretora de Projetos de Infraestrutura na GeoCompany, onde tem contribu\u00eddo com sua expertise por 22 anos. Com mais de 30 anos de experi\u00eancia, durante sua carreira, Izabel liderou uma ampla gama de importantes projetos, incluindo a Interliga\u00e7\u00e3o das Bacias do Para\u00edba do Sul&hellip;","_links":{"self":[{"href":"https:\/\/geocompany.com.br\/geocompany\/wp-json\/wp\/v2\/pages\/1446","targetHints":{"allow":["GET"]}}],"collection":[{"href":"https:\/\/geocompany.com.br\/geocompany\/wp-json\/wp\/v2\/pages"}],"about":[{"href":"https:\/\/geocompany.com.br\/geocompany\/wp-json\/wp\/v2\/types\/page"}],"author":[{"embeddable":true,"href":"https:\/\/geocompany.com.br\/geocompany\/wp-json\/wp\/v2\/users\/1"}],"replies":[{"embeddable":true,"href":"https:\/\/geocompany.com.br\/geocompany\/wp-json\/wp\/v2\/comments?post=1446"}],"version-history":[{"count":34,"href":"https:\/\/geocompany.com.br\/geocompany\/wp-json\/wp\/v2\/pages\/1446\/revisions"}],"predecessor-version":[{"id":1752,"href":"https:\/\/geocompany.com.br\/geocompany\/wp-json\/wp\/v2\/pages\/1446\/revisions\/1752"}],"wp:attachment":[{"href":"https:\/\/geocompany.com.br\/geocompany\/wp-json\/wp\/v2\/media?parent=1446"}],"curies":[{"name":"wp","href":"https:\/\/api.w.org\/{rel}","templated":true}]}}