{"id":1455,"date":"2024-10-09T09:46:00","date_gmt":"2024-10-09T12:46:00","guid":{"rendered":"https:\/\/geocompany.com.br\/geocompany\/?page_id=1455"},"modified":"2024-10-22T13:30:27","modified_gmt":"2024-10-22T16:30:27","slug":"habib","status":"publish","type":"page","link":"https:\/\/geocompany.com.br\/geocompany\/habib\/","title":{"rendered":"Habib"},"content":{"rendered":"\t\t<div data-elementor-type=\"wp-page\" data-elementor-id=\"1455\" class=\"elementor elementor-1455\" data-elementor-post-type=\"page\">\n\t\t\t\t\t\t<section class=\"elementor-section elementor-top-section elementor-element elementor-element-79be95a8 elementor-reverse-mobile elementor-section-boxed elementor-section-height-default elementor-section-height-default wpr-particle-no wpr-jarallax-no wpr-parallax-no wpr-sticky-section-no\" data-id=\"79be95a8\" data-element_type=\"section\" data-settings=\"{&quot;background_background&quot;:&quot;classic&quot;}\">\n\t\t\t\t\t\t\t<div class=\"elementor-background-overlay\"><\/div>\n\t\t\t\t\t\t\t<div class=\"elementor-container elementor-column-gap-default\">\n\t\t\t\t\t<div class=\"elementor-column elementor-col-50 elementor-top-column elementor-element elementor-element-6beaf5a\" data-id=\"6beaf5a\" data-element_type=\"column\">\n\t\t\t<div class=\"elementor-widget-wrap elementor-element-populated\">\n\t\t\t\t\t\t<div class=\"elementor-element elementor-element-5d8c92f9 elementor-hidden-mobile elementor-widget elementor-widget-heading\" data-id=\"5d8c92f9\" data-element_type=\"widget\" data-widget_type=\"heading.default\">\n\t\t\t\t<div class=\"elementor-widget-container\">\n\t\t\t<h1 class=\"elementor-heading-title elementor-size-default\">Habib Georges Jarrouge Neto<\/h1>\t\t<\/div>\n\t\t\t\t<\/div>\n\t\t\t\t\t<\/div>\n\t\t<\/div>\n\t\t\t\t<div class=\"elementor-column elementor-col-50 elementor-top-column elementor-element elementor-element-f756327\" data-id=\"f756327\" data-element_type=\"column\">\n\t\t\t<div class=\"elementor-widget-wrap elementor-element-populated\">\n\t\t\t\t\t\t<div class=\"elementor-element elementor-element-1025e566 elementor-hidden-mobile elementor-widget elementor-widget-image\" data-id=\"1025e566\" data-element_type=\"widget\" data-widget_type=\"image.default\">\n\t\t\t\t<div class=\"elementor-widget-container\">\n\t\t\t\t\t\t\t\t\t\t\t\t\t<img fetchpriority=\"high\" decoding=\"async\" width=\"1080\" height=\"1080\" src=\"https:\/\/geocompany.com.br\/geocompany\/wp-content\/uploads\/2024\/10\/habib-profile.png\" class=\"attachment-full size-full wp-image-1777\" alt=\"\" srcset=\"https:\/\/geocompany.com.br\/geocompany\/wp-content\/uploads\/2024\/10\/habib-profile.png 1080w, https:\/\/geocompany.com.br\/geocompany\/wp-content\/uploads\/2024\/10\/habib-profile-300x300.png 300w, https:\/\/geocompany.com.br\/geocompany\/wp-content\/uploads\/2024\/10\/habib-profile-1024x1024.png 1024w, https:\/\/geocompany.com.br\/geocompany\/wp-content\/uploads\/2024\/10\/habib-profile-150x150.png 150w, https:\/\/geocompany.com.br\/geocompany\/wp-content\/uploads\/2024\/10\/habib-profile-768x768.png 768w\" sizes=\"(max-width: 1080px) 100vw, 1080px\" \/>\t\t\t\t\t\t\t\t\t\t\t\t\t<\/div>\n\t\t\t\t<\/div>\n\t\t\t\t\t<\/div>\n\t\t<\/div>\n\t\t\t\t\t<\/div>\n\t\t<\/section>\n\t\t<div class=\"elementor-element elementor-element-b40452c elementor-hidden-desktop elementor-hidden-tablet e-flex e-con-boxed wpr-particle-no wpr-jarallax-no wpr-parallax-no wpr-sticky-section-no e-con e-parent\" data-id=\"b40452c\" data-element_type=\"container\" data-settings=\"{&quot;background_background&quot;:&quot;classic&quot;}\">\n\t\t\t\t\t<div class=\"e-con-inner\">\n\t\t\t\t<div class=\"elementor-element elementor-element-29fd86a elementor-hidden-desktop elementor-hidden-tablet elementor-widget elementor-widget-image\" data-id=\"29fd86a\" data-element_type=\"widget\" data-widget_type=\"image.default\">\n\t\t\t\t<div class=\"elementor-widget-container\">\n\t\t\t\t\t\t\t\t\t\t\t\t\t<img decoding=\"async\" width=\"500\" height=\"500\" src=\"https:\/\/geocompany.com.br\/geocompany\/wp-content\/uploads\/2024\/10\/habibi.jpg\" class=\"attachment-large size-large wp-image-1147\" alt=\"\" srcset=\"https:\/\/geocompany.com.br\/geocompany\/wp-content\/uploads\/2024\/10\/habibi.jpg 500w, https:\/\/geocompany.com.br\/geocompany\/wp-content\/uploads\/2024\/10\/habibi-300x300.jpg 300w, https:\/\/geocompany.com.br\/geocompany\/wp-content\/uploads\/2024\/10\/habibi-150x150.jpg 150w\" sizes=\"(max-width: 500px) 100vw, 500px\" \/>\t\t\t\t\t\t\t\t\t\t\t\t\t<\/div>\n\t\t\t\t<\/div>\n\t\t\t\t<div class=\"elementor-element elementor-element-d032b8d elementor-widget elementor-widget-heading\" data-id=\"d032b8d\" data-element_type=\"widget\" data-widget_type=\"heading.default\">\n\t\t\t\t<div class=\"elementor-widget-container\">\n\t\t\t<h2 class=\"elementor-heading-title elementor-size-default\">Habib Georges Jarrouge Neto<\/h2>\t\t<\/div>\n\t\t\t\t<\/div>\n\t\t\t\t\t<\/div>\n\t\t\t\t<\/div>\n\t\t<div class=\"elementor-element elementor-element-6e09ebc e-flex e-con-boxed wpr-particle-no wpr-jarallax-no wpr-parallax-no wpr-sticky-section-no e-con e-parent\" data-id=\"6e09ebc\" data-element_type=\"container\">\n\t\t\t\t\t<div class=\"e-con-inner\">\n\t\t\t\t<div class=\"elementor-element elementor-element-cf79b76 elementor-widget elementor-widget-heading\" data-id=\"cf79b76\" data-element_type=\"widget\" data-widget_type=\"heading.default\">\n\t\t\t\t<div class=\"elementor-widget-container\">\n\t\t\t<h2 class=\"elementor-heading-title elementor-size-default\">Diretor de Novos Neg\u00f3cios<\/h2>\t\t<\/div>\n\t\t\t\t<\/div>\n\t\t\t\t\t<\/div>\n\t\t\t\t<\/div>\n\t\t<div class=\"elementor-element elementor-element-5a0aa77 e-flex e-con-boxed wpr-particle-no wpr-jarallax-no wpr-parallax-no wpr-sticky-section-no e-con e-parent\" data-id=\"5a0aa77\" data-element_type=\"container\">\n\t\t\t\t\t<div class=\"e-con-inner\">\n\t\t\t\t<div class=\"elementor-element elementor-element-a0336b8 elementor-widget elementor-widget-text-editor\" data-id=\"a0336b8\" data-element_type=\"widget\" data-widget_type=\"text-editor.default\">\n\t\t\t\t<div class=\"elementor-widget-container\">\n\t\t\t\t\t\t\t<p><strong>Habib Georges Jarrouge Neto<\/strong> \u00e9 um experiente engenheiro civil, com ampla atua\u00e7\u00e3o em projetos de consultoria e gest\u00e3o t\u00e9cnica de grande porte. Com uma carreira marcada pela participa\u00e7\u00e3o em empreendimentos de infraestrutura de alta complexidade, Habib desempenhou um papel crucial durante a crise h\u00eddrica de 2014-2015, liderando esfor\u00e7os na recupera\u00e7\u00e3o do Sistema Cantareira. Al\u00e9m disso, foi respons\u00e1vel por integrar a equipe do projeto de transposi\u00e7\u00e3o Jaguari-Atibainha, um marco de engenharia h\u00eddrica que incluiu a constru\u00e7\u00e3o de t\u00faneis e sistemas de adu\u00e7\u00e3o de \u00e1gua bruta.<\/p><p>Como s\u00f3cio da <strong>Geocompany Tecnologia Engenharia e Meio Ambiente Ltda.<\/strong>, Habib contribui para o sucesso da empresa, que se destaca em \u00e1reas como saneamento, geotecnia, infraestrutura e meio ambiente, tanto no Brasil quanto em projetos internacionais. Seu envolvimento com o <strong>Instituto de Engenharia de S\u00e3o Paulo <\/strong>\u00e9 igualmente not\u00e1vel, onde atuou como vice-diretor do Departamento de Engenharia do Habitat e Infraestrutura, al\u00e9m de desenvolver pesquisas importantes no campo da mec\u00e2nica dos solos.<\/p><p>Entre suas contribui\u00e7\u00f5es mais relevantes est\u00e1 sua atua\u00e7\u00e3o na an\u00e1lise das barragens do Sistema Produtor Alto Tiet\u00ea, conduzindo estudos aprofundados sobre seguran\u00e7a e manuten\u00e7\u00e3o. Mais recentemente, integrou a equipe t\u00e9cnica que investigou o rompimento da Barragem de Brumadinho, liderada pela Ministra aposentada Ellen Gracie. Habib traz em seu portf\u00f3lio uma combina\u00e7\u00e3o \u00fanica de conhecimento t\u00e9cnico e compromisso com solu\u00e7\u00f5es inovadoras e sustent\u00e1veis para os desafios da engenharia moderna.<\/p>\t\t\t\t\t\t<\/div>\n\t\t\t\t<\/div>\n\t\t\t\t\t<\/div>\n\t\t\t\t<\/div>\n\t\t\t\t<\/div>\n\t\t\n    <div class=\"xs_social_share_widget xs_share_url after_content \t\tmain_content  wslu-style-1 wslu-share-box-shaped wslu-fill-colored wslu-none wslu-share-horizontal wslu-theme-font-no wslu-main_content\">\n\n\t\t\n        <ul>\n\t\t\t        <\/ul>\n    <\/div> \n","protected":false},"excerpt":{"rendered":"<p>Habib Georges Jarrouge Neto Habib Georges Jarrouge Neto Diretor de Novos Neg\u00f3cios Habib Georges Jarrouge Neto \u00e9 um experiente engenheiro civil, com ampla atua\u00e7\u00e3o em projetos de consultoria e gest\u00e3o t\u00e9cnica de grande porte. Com uma carreira marcada pela participa\u00e7\u00e3o em empreendimentos de infraestrutura de alta complexidade, Habib desempenhou um papel crucial durante a crise h\u00eddrica de 2014-2015, liderando esfor\u00e7os na recupera\u00e7\u00e3o do Sistema Cantareira. Al\u00e9m disso, foi respons\u00e1vel por integrar a equipe do projeto de transposi\u00e7\u00e3o Jaguari-Atibainha, um marco de engenharia h\u00eddrica que incluiu a constru\u00e7\u00e3o de t\u00faneis e sistemas de adu\u00e7\u00e3o de \u00e1gua bruta. Como s\u00f3cio da Geocompany Tecnologia Engenharia e Meio Ambiente Ltda., Habib contribui para o sucesso da empresa, que se destaca em \u00e1reas como saneamento, geotecnia, infraestrutura e meio ambiente, tanto no Brasil quanto em projetos internacionais. Seu envolvimento com o Instituto de Engenharia de S\u00e3o Paulo \u00e9 igualmente not\u00e1vel, onde atuou como vice-diretor do Departamento de Engenharia do Habitat e Infraestrutura, al\u00e9m de desenvolver pesquisas importantes no campo da mec\u00e2nica dos solos. Entre suas contribui\u00e7\u00f5es mais relevantes est\u00e1 sua atua\u00e7\u00e3o na an\u00e1lise das barragens do Sistema Produtor Alto Tiet\u00ea, conduzindo estudos aprofundados sobre seguran\u00e7a e manuten\u00e7\u00e3o. Mais recentemente, integrou a equipe t\u00e9cnica que investigou o rompimento da Barragem de Brumadinho, liderada pela Ministra aposentada Ellen Gracie. Habib traz em seu portf\u00f3lio uma combina\u00e7\u00e3o \u00fanica de conhecimento t\u00e9cnico e compromisso com solu\u00e7\u00f5es inovadoras e sustent\u00e1veis para os desafios da engenharia moderna.<\/p>\n","protected":false},"author":1,"featured_media":0,"parent":0,"menu_order":0,"comment_status":"closed","ping_status":"closed","template":"","meta":{"footnotes":""},"class_list":["post-1455","page","type-page","status-publish","hentry"],"rttpg_featured_image_url":null,"rttpg_author":{"display_name":"geocompanycom","author_link":"https:\/\/geocompany.com.br\/geocompany\/author\/geocompanycom\/"},"rttpg_comment":0,"rttpg_category":null,"rttpg_excerpt":"Habib Georges Jarrouge Neto Habib Georges Jarrouge Neto Diretor de Novos Neg\u00f3cios Habib Georges Jarrouge Neto \u00e9 um experiente engenheiro civil, com ampla atua\u00e7\u00e3o em projetos de consultoria e gest\u00e3o t\u00e9cnica de grande porte. Com uma carreira marcada pela participa\u00e7\u00e3o em empreendimentos de infraestrutura de alta complexidade, Habib desempenhou um papel crucial durante a crise&hellip;","_links":{"self":[{"href":"https:\/\/geocompany.com.br\/geocompany\/wp-json\/wp\/v2\/pages\/1455","targetHints":{"allow":["GET"]}}],"collection":[{"href":"https:\/\/geocompany.com.br\/geocompany\/wp-json\/wp\/v2\/pages"}],"about":[{"href":"https:\/\/geocompany.com.br\/geocompany\/wp-json\/wp\/v2\/types\/page"}],"author":[{"embeddable":true,"href":"https:\/\/geocompany.com.br\/geocompany\/wp-json\/wp\/v2\/users\/1"}],"replies":[{"embeddable":true,"href":"https:\/\/geocompany.com.br\/geocompany\/wp-json\/wp\/v2\/comments?post=1455"}],"version-history":[{"count":25,"href":"https:\/\/geocompany.com.br\/geocompany\/wp-json\/wp\/v2\/pages\/1455\/revisions"}],"predecessor-version":[{"id":1936,"href":"https:\/\/geocompany.com.br\/geocompany\/wp-json\/wp\/v2\/pages\/1455\/revisions\/1936"}],"wp:attachment":[{"href":"https:\/\/geocompany.com.br\/geocompany\/wp-json\/wp\/v2\/media?parent=1455"}],"curies":[{"name":"wp","href":"https:\/\/api.w.org\/{rel}","templated":true}]}}